{"id":45104,"date":"2022-08-16T18:43:52","date_gmt":"2022-08-16T18:43:52","guid":{"rendered":"https:\/\/ndlabs.dev\/contacta-con-nosotros"},"modified":"2025-08-20T14:28:30","modified_gmt":"2025-08-20T14:28:30","slug":"contacta-con-nosotros","status":"publish","type":"page","link":"https:\/\/ndlabs.dev\/es\/contacta-con-nosotros","title":{"rendered":"Contacta con nosotros"},"content":{"rendered":"\n\t<section class=\"contact-us\" id=\"contactus\">\n\t\t<div class=\"container\">\n\t\t\t<h2 data-title=\"Cont\u00e1ctanos\"><\/h2>\n\t\t\t<div class=\"row\">\n\t\t\t\t<div class=\"col-60\">\n\t\t\t\t\t\t\t\t\t\t\t\t\t\t\t<script>\n\t\t\t\t\tdocument.addEventListener('DOMContentLoaded', () => {\n\t\t\t\t\t\tlet scriptLoaded = false;\n\n\t\t\t\t\t\tconst loadHubSpotScript = () => {\n\t\t\t\t\t\t\tif (scriptLoaded) return;\n\t\t\t\t\t\t\tscriptLoaded = true;\n\n\t\t\t\t\t\t\tconst script = document.createElement('script');\n\t\t\t\t\t\t\tscript.src = \"\/\/js-eu1.hsforms.net\/forms\/embed\/v2.js\";\n\t\t\t\t\t\t\tscript.defer = true;\n\t\t\t\t\t\t\tscript.charset = \"utf-8\";\n\t\t\t\t\t\t\tscript.onload = initHubSpotForm;\n\t\t\t\t\t\t\tdocument.body.appendChild(script);\n\n\t\t\t\t\t\t\twindow.removeEventListener('scroll', loadHubSpotScript);\n\t\t\t\t\t\t};\n\n\t\t\t\t\t\tconst initHubSpotForm = () => {\n\t\t\t\t\t\t\tif (typeof hbspt !== 'undefined') {\n\t\t\t\t\t\t\t\thbspt.forms.create({\n\t\t\t\t\t\t\t\t\tregion: \"na1\",\n\t\t\t\t\t\t\t\t\tportalId: \"9075801\",\n\t\t\t\t\t\t\t\t\tformId: \"1dfafefc-b07c-4f41-97ac-f85a6c8074b0\",\n\t\t\t\t\t\t\t\t\tonFormReady: function($form, ctx) {\n\t\t\t\t\t\t\t\t\t\tconst form = $form[0];\n\t\t\t\t\t\t\t\t\t\tform.querySelector('.hs_firstname label span:first-child').innerText = \"Nombre de pila\";\n\t\t\t\t\t\t\t\t\t\tform.querySelector('.hs_lastname label span:first-child').innerText = \"Apellido\";\n\t\t\t\t\t\t\t\t\t\tform.querySelector('.hs_email label span:first-child').innerText = \"Email\";\n\t\t\t\t\t\t\t\t\t\tform.querySelector('.hs_company label span:first-child').innerText = \"Compa\u00f1\u00eda\";\n\t\t\t\t\t\t\t\t\t\tform.querySelector('.hs_message label span:first-child').innerText = \"Mensaje\";\n\t\t\t\t\t\t\t\t\t\tform.querySelector('.hs_submit input').value = \"Enviar\";\n\t\t\t\t\t\t\t\t\t},\n\t\t\t\t\t\t\t\t});\n\t\t\t\t\t\t\t}\n\t\t\t\t\t\t};\n\n\t\t\t\t\t\twindow.addEventListener('scroll', loadHubSpotScript, { passive: true });\n\n\t\t\t\t\t\tif (document.body.classList.contains('page-id-64')) {\n\t\t\t\t\t\t\tloadHubSpotScript();\n\t\t\t\t\t\t\twindow.removeEventListener('scroll', loadHubSpotScript);\n\t\t\t\t\t\t}\n\t\t\t\t\t});\n\t\t\t\t\t<\/script>\n\t\t\t\t\t<!-- <form class=\"form\">\n\t\t\t\t\t\t<div class=\"input__wrap\">\n\t\t\t\t\t\t\t<label>name & surname<\/label>\n\t\t\t\t\t\t\t<input type=\"text\" placeholder=\"Name & Surname\">\n\t\t\t\t\t\t<\/div>\n\t\t\t\t\t\t<div class=\"input__wrap\">\n\t\t\t\t\t\t\t<label>email<\/label>\n\t\t\t\t\t\t\t<input type=\"email\" placeholder=\"example@gmail.com\">\n\t\t\t\t\t\t<\/div>\n\t\t\t\t\t\t<div class=\"input__wrap\">\n\t\t\t\t\t\t\t<label>Message<\/label>\n\t\t\t\t\t\t\t<input type=\"email\" placeholder=\"Write your message\">\n\t\t\t\t\t\t<\/div>\n\t\t\t\t\t\t<button class=\"btn\">Send message<\/button>\n\t\t\t\t\t<\/form> -->\n\t\t\t\t<\/div>\n\t\t\t\t<div class=\"col-40\">\n\t\t\t\t\t<h4>Proporcione sus datos de contacto y nos comunicaremos con usted lo antes posible.<\/h4>\n\t\t\t\t\t<div class=\"readmore\">\n\t\t\t\t\t\t<div class=\"readmore__arts\">\n\t\t\t\t\t\t\t<div class=\"readmore__art\"><\/div>\n\t\t\t\t\t\t\t<div class=\"readmore__art\"><\/div>\n\t\t\t\t\t\t\t<div class=\"readmore__art\"><\/div>\n\t\t\t\t\t\t\t<div class=\"readmore__art\"><\/div>\n\t\t\t\t\t\t\t<div class=\"readmore__art\"><\/div>\n\t\t\t\t\t\t\t<div class=\"readmore__art\"><\/div>\n\t\t\t\t\t\t<\/div>\n\t\t\t\t\t<\/div>\n\t\t\t\t<\/div>\n\t\t\t<\/div>\n\t\t<\/div>\n\t<\/section>\n    <section class=\"title\">\n        <div class=\"container\">\n            <h1 >\n                <span>Apoyo<\/span> preparado            <\/h1>\n            <div class=\"title__subtitle\" >\n                \u00bfTe preocupa el futuro de tu empresa o quieres adelantarte a la competencia?            <\/div>\n        <\/div>\n    <\/section>\n\t<section class=\"address-book\">\n\t\t<div class=\"container\">\n\t\t\t<div class=\"address-book__item\">\n\t\t\t\t<h2 data-title=\"Libreta de direcciones\" >\n\t\t\t\t\t<span>ND Labs POLONIA<\/span>\n\t\t\t\t<\/h2>\n\t\t\t\t<div class=\"address-book__text\" >\n\t\t\t\t\tVarsovia, 00-801, ul.Chmielna, 73<br>Polonia\t\t\t\t<\/div>\n\t\t\t\t<a href=\"tel:+48 515 138 810\" class=\"address-book__phone\" >\n\t\t\t\t\t+48 515 138 810\t\t\t\t<\/a>\n\t\t\t\t<a href=\"mailto:contact@ndlabs.dev\" class=\"address-book__email\" >\n\t\t\t\t\tcontact@ndlabs.dev\t\t\t\t<\/a>\n\t\t\t<\/div>\n\t\t\t<div class=\"address-book__item\">\n\t\t\t\t<h2 >\n\t\t\t\t\t<span>ND Labs EE.UU.<\/span>\n\t\t\t\t<\/h2>\n\t\t\t\t<div class=\"address-book__text\" >\n\t\t\t\t\t260 Madison Avenue, 8\u00aa planta, Nueva York, <br>NY 10016, EE.UU.\t\t\t\t<\/div>\n\t\t\t\t<a href=\"tel:+1 646 401 0190\" class=\"address-book__phone\" >\n\t\t\t\t\t+1 646 401 0190\t\t\t\t<\/a>\n\t\t\t\t<a href=\"mailto:contact@ndlabs.dev\" class=\"address-book__email\" >\n\t\t\t\t\tcontact@ndlabs.dev\t\t\t\t<\/a>\n\t\t\t<\/div>\n\t\t\t<div class=\"address-book__item\">\n\t\t\t\t<h2 >\n\t\t\t\t\t<span><\/span>\n\t\t\t\t<\/h2>\n\t\t\t\t<div class=\"address-book__text\" >\n\t\t\t\t\t\t\t\t\t<\/div>\n\t\t\t\t<a href=\"tel:\" class=\"address-book__phone\" >\n\t\t\t\t\t\t\t\t\t<\/a>\n\t\t\t\t<a href=\"mailto:\" class=\"address-book__email\" >\n\t\t\t\t\t\t\t\t\t<\/a>\n\t\t\t<\/div>\n\t\t<\/div>\n\t<\/section>\n<p><\/p>\n","protected":false},"excerpt":{"rendered":"","protected":false},"author":1,"featured_media":0,"parent":0,"menu_order":0,"comment_status":"closed","ping_status":"closed","template":"","meta":{"_acf_changed":false,"footnotes":""},"class_list":["post-45104","page","type-page","status-publish","hentry"],"acf":[],"yoast_head":"<!-- This site is optimized with the Yoast SEO plugin v27.3 - https:\/\/yoast.com\/product\/yoast-seo-wordpress\/ -->\n<title>Contacta con nosotros - ND Labs<\/title>\n<meta name=\"description\" content=\"Hablemos ahora de tu negocio. S\u00f3lo tienes que rellenar nuestro formulario de contacto o llamarnos. Nuestro equipo est\u00e1 siempre en l\u00ednea y dispuesto a ayudarte.\" \/>\n<meta name=\"robots\" content=\"index, follow, max-snippet:-1, max-image-preview:large, max-video-preview:-1\" \/>\n<link rel=\"canonical\" href=\"https:\/\/ndlabs.dev\/es\/contacta-con-nosotros\" \/>\n<meta property=\"og:locale\" content=\"es_ES\" \/>\n<meta property=\"og:type\" content=\"article\" \/>\n<meta property=\"og:title\" content=\"Contacta con nosotros - ND Labs\" \/>\n<meta property=\"og:description\" content=\"Hablemos ahora de tu negocio. S\u00f3lo tienes que rellenar nuestro formulario de contacto o llamarnos. Nuestro equipo est\u00e1 siempre en l\u00ednea y dispuesto a ayudarte.\" \/>\n<meta property=\"og:url\" content=\"https:\/\/ndlabs.dev\/es\/contacta-con-nosotros\" \/>\n<meta property=\"og:site_name\" content=\"ND Labs | Web3 Solutions Built at AI Speed\" \/>\n<meta property=\"article:modified_time\" content=\"2025-08-20T14:28:30+00:00\" \/>\n<meta name=\"twitter:card\" content=\"summary_large_image\" \/>\n<script type=\"application\/ld+json\" class=\"yoast-schema-graph\">{\"@context\":\"https:\\\/\\\/schema.org\",\"@graph\":[{\"@type\":\"WebPage\",\"@id\":\"https:\\\/\\\/ndlabs.dev\\\/es\\\/contacta-con-nosotros\",\"url\":\"https:\\\/\\\/ndlabs.dev\\\/es\\\/contacta-con-nosotros\",\"name\":\"Contacta con nosotros - ND Labs\",\"isPartOf\":{\"@id\":\"https:\\\/\\\/ndlabs.dev\\\/es#website\"},\"datePublished\":\"2022-08-16T18:43:52+00:00\",\"dateModified\":\"2025-08-20T14:28:30+00:00\",\"description\":\"Hablemos ahora de tu negocio. S\u00f3lo tienes que rellenar nuestro formulario de contacto o llamarnos. Nuestro equipo est\u00e1 siempre en l\u00ednea y dispuesto a ayudarte.\",\"breadcrumb\":{\"@id\":\"https:\\\/\\\/ndlabs.dev\\\/es\\\/contacta-con-nosotros#breadcrumb\"},\"inLanguage\":\"es\",\"potentialAction\":[{\"@type\":\"ReadAction\",\"target\":[\"https:\\\/\\\/ndlabs.dev\\\/es\\\/contacta-con-nosotros\"]}]},{\"@type\":\"BreadcrumbList\",\"@id\":\"https:\\\/\\\/ndlabs.dev\\\/es\\\/contacta-con-nosotros#breadcrumb\",\"itemListElement\":[{\"@type\":\"ListItem\",\"position\":1,\"name\":\"Home\",\"item\":\"https:\\\/\\\/ndlabs.dev\\\/es\"},{\"@type\":\"ListItem\",\"position\":2,\"name\":\"Contacta con nosotros\"}]},{\"@type\":\"WebSite\",\"@id\":\"https:\\\/\\\/ndlabs.dev\\\/es#website\",\"url\":\"https:\\\/\\\/ndlabs.dev\\\/es\",\"name\":\"ND Labs: Web3 Insights\",\"description\":\"White label services for Web3 businesses\",\"potentialAction\":[{\"@type\":\"SearchAction\",\"target\":{\"@type\":\"EntryPoint\",\"urlTemplate\":\"https:\\\/\\\/ndlabs.dev\\\/es?s={search_term_string}\"},\"query-input\":{\"@type\":\"PropertyValueSpecification\",\"valueRequired\":true,\"valueName\":\"search_term_string\"}}],\"inLanguage\":\"es\"}]}<\/script>\n<!-- \/ Yoast SEO plugin. -->","yoast_head_json":{"title":"Contacta con nosotros - ND Labs","description":"Hablemos ahora de tu negocio. S\u00f3lo tienes que rellenar nuestro formulario de contacto o llamarnos. Nuestro equipo est\u00e1 siempre en l\u00ednea y dispuesto a ayudarte.","robots":{"index":"index","follow":"follow","max-snippet":"max-snippet:-1","max-image-preview":"max-image-preview:large","max-video-preview":"max-video-preview:-1"},"canonical":"https:\/\/ndlabs.dev\/es\/contacta-con-nosotros","og_locale":"es_ES","og_type":"article","og_title":"Contacta con nosotros - ND Labs","og_description":"Hablemos ahora de tu negocio. S\u00f3lo tienes que rellenar nuestro formulario de contacto o llamarnos. Nuestro equipo est\u00e1 siempre en l\u00ednea y dispuesto a ayudarte.","og_url":"https:\/\/ndlabs.dev\/es\/contacta-con-nosotros","og_site_name":"ND Labs | Web3 Solutions Built at AI Speed","article_modified_time":"2025-08-20T14:28:30+00:00","twitter_card":"summary_large_image","schema":{"@context":"https:\/\/schema.org","@graph":[{"@type":"WebPage","@id":"https:\/\/ndlabs.dev\/es\/contacta-con-nosotros","url":"https:\/\/ndlabs.dev\/es\/contacta-con-nosotros","name":"Contacta con nosotros - ND Labs","isPartOf":{"@id":"https:\/\/ndlabs.dev\/es#website"},"datePublished":"2022-08-16T18:43:52+00:00","dateModified":"2025-08-20T14:28:30+00:00","description":"Hablemos ahora de tu negocio. S\u00f3lo tienes que rellenar nuestro formulario de contacto o llamarnos. Nuestro equipo est\u00e1 siempre en l\u00ednea y dispuesto a ayudarte.","breadcrumb":{"@id":"https:\/\/ndlabs.dev\/es\/contacta-con-nosotros#breadcrumb"},"inLanguage":"es","potentialAction":[{"@type":"ReadAction","target":["https:\/\/ndlabs.dev\/es\/contacta-con-nosotros"]}]},{"@type":"BreadcrumbList","@id":"https:\/\/ndlabs.dev\/es\/contacta-con-nosotros#breadcrumb","itemListElement":[{"@type":"ListItem","position":1,"name":"Home","item":"https:\/\/ndlabs.dev\/es"},{"@type":"ListItem","position":2,"name":"Contacta con nosotros"}]},{"@type":"WebSite","@id":"https:\/\/ndlabs.dev\/es#website","url":"https:\/\/ndlabs.dev\/es","name":"ND Labs: Web3 Insights","description":"White label services for Web3 businesses","potentialAction":[{"@type":"SearchAction","target":{"@type":"EntryPoint","urlTemplate":"https:\/\/ndlabs.dev\/es?s={search_term_string}"},"query-input":{"@type":"PropertyValueSpecification","valueRequired":true,"valueName":"search_term_string"}}],"inLanguage":"es"}]}},"_links":{"self":[{"href":"https:\/\/ndlabs.dev\/es\/wp-json\/wp\/v2\/pages\/45104","targetHints":{"allow":["GET"]}}],"collection":[{"href":"https:\/\/ndlabs.dev\/es\/wp-json\/wp\/v2\/pages"}],"about":[{"href":"https:\/\/ndlabs.dev\/es\/wp-json\/wp\/v2\/types\/page"}],"author":[{"embeddable":true,"href":"https:\/\/ndlabs.dev\/es\/wp-json\/wp\/v2\/users\/1"}],"replies":[{"embeddable":true,"href":"https:\/\/ndlabs.dev\/es\/wp-json\/wp\/v2\/comments?post=45104"}],"version-history":[{"count":2,"href":"https:\/\/ndlabs.dev\/es\/wp-json\/wp\/v2\/pages\/45104\/revisions"}],"predecessor-version":[{"id":54958,"href":"https:\/\/ndlabs.dev\/es\/wp-json\/wp\/v2\/pages\/45104\/revisions\/54958"}],"wp:attachment":[{"href":"https:\/\/ndlabs.dev\/es\/wp-json\/wp\/v2\/media?parent=45104"}],"curies":[{"name":"wp","href":"https:\/\/api.w.org\/{rel}","templated":true}]}}