{"id":45107,"date":"2022-06-07T10:45:05","date_gmt":"2022-06-07T10:45:05","guid":{"rendered":"https:\/\/ndlabs.dev\/politica-de-privacidad"},"modified":"2024-12-01T07:09:58","modified_gmt":"2024-12-01T07:09:58","slug":"politica-de-privacidad","status":"publish","type":"page","link":"https:\/\/ndlabs.dev\/es\/politica-de-privacidad","title":{"rendered":"Pol\u00edtica de privacidad"},"content":{"rendered":"\n<h1 class=\"wp-block-heading\">Qu\u00e9 entendemos por Datos Personales<\/h1>\n\n<p>Los datos personales son cualquier informaci\u00f3n relativa a una persona viva identificada o identificable.<\/p>\n\n<h2 class=\"wp-block-heading\">Qu\u00e9 tipo de informaci\u00f3n recogemos<\/h2>\n\n<p>Podemos recoger los siguientes tipos de datos personales:<\/p>\n\n<p>&#8211; Informaci\u00f3n de contacto: nombre, apellidos, direcci\u00f3n de correo electr\u00f3nico, n\u00famero de tel\u00e9fono;<br\/>&#8211; Datos del dispositivo y del navegador: Direcci\u00f3n IP, versi\u00f3n del sistema operativo, tipo de dispositivo, tipo de navegador, informaci\u00f3n sobre el sistema y el rendimiento;<br\/>&#8211; Informaci\u00f3n sobre las p\u00e1ginas web visitadas y sus direcciones URL;<br\/>&#8211; Informaci\u00f3n sobre tu ubicaci\u00f3n a nivel de pa\u00eds y ciudad.<\/p>\n\n<h2 class=\"wp-block-heading\">Formas de recopilar informaci\u00f3n<\/h2>\n\n<p>Dicha informaci\u00f3n puede ser recogida directamente por nosotros (a trav\u00e9s de formularios de contacto) o con la ayuda de terceros (proveedores de an\u00e1lisis como Google Analytics, Statcounter, Yandex Metrika, etc.), redes publicitarias (Google Adwords, Bing Ads, etc.) y motores de b\u00fasqueda.<\/p>\n\n<h2 class=\"wp-block-heading\">Fines del uso de la informaci\u00f3n recogida<\/h2>\n\n<p>&#8211; mejorar nuestros servicios, por ejemplo, proporcionando funciones y contenidos adicionales;<br\/>&#8211; personalizar los contenidos y la informaci\u00f3n para nuestros clientes;<br\/>&#8211; controlar las tendencias, el uso y las actividades relacionadas con nuestros servicios;<br\/>&#8211; hacer que nuestros servicios sean m\u00e1s c\u00f3modos para nuestros clientes;<br\/>&#8211; comunicarnos con nuestros clientes, incluidas las respuestas a las solicitudes de asistencia.<\/p>\n\n<h2 class=\"wp-block-heading\">Cookies<\/h2>\n\n<p>ND Labs utiliza cookies (peque\u00f1os archivos de texto almacenados en tu ordenador) para rastrear los patrones de tr\u00e1fico de los usuarios. Las cookies nos permiten mejorar la experiencia del usuario analizando qu\u00e9 p\u00e1ginas encuentran m\u00e1s \u00fatiles los visitantes.<\/p>\n\n<p>Adem\u00e1s, las cookies permiten servir contenido personalizado (incluidos, entre otros, los anuncios de Google) basado en el historial de navegaci\u00f3n. La mayor\u00eda de los navegadores aceptan cookies por defecto, pero esta opci\u00f3n puede desactivarse a trav\u00e9s de la configuraci\u00f3n de tu navegador.<\/p>\n\n<h2 class=\"wp-block-heading\">Intercambio de informaci\u00f3n<\/h2>\n\n<p>ND Labs no comparte ni distribuye informaci\u00f3n o documentos sobre usuarios individuales con terceros, excepto para cumplir las leyes aplicables o procesos legales v\u00e1lidos, o para proteger la seguridad personal de nuestros usuarios o del p\u00fablico.<\/p>\n\n<h2 class=\"wp-block-heading\">Seguridad y protecci\u00f3n de datos<\/h2>\n\n<p>Nuestro sitio web cuenta con avanzadas medidas de seguridad est\u00e1ndar del sector para evitar la p\u00e9rdida, el uso indebido o la alteraci\u00f3n de los datos. La mayor\u00eda del personal de ND Labs no tiene acceso a los datos personales que recogemos. Los datos est\u00e1n disponibles exclusivamente para los gestores de ND Labs encargados de las comunicaciones con los clientes.<\/p>\n\n<h2 class=\"wp-block-heading\">Derechos de protecci\u00f3n de datos seg\u00fan el GDPR (s\u00f3lo usuarios de la UE)<\/h2>\n\n<p>Desde el 25 de mayo de 2018, la privacidad de nuestros clientes establecidos en la UE est\u00e1 protegida por el Reglamento General de Protecci\u00f3n de Datos (RGPD). Como recopilador de datos, hemos modificado nuestras pol\u00edticas para cumplir con el GDPR en lo que respecta a la recopilaci\u00f3n, procesamiento y almacenamiento de datos personales.<br\/><br\/>Los interesados tienen derecho a solicitar de forma gratuita la totalidad de sus datos personales recogidos, procesados y almacenados por ND Labs.<br\/><br\/>ND Labs no recoge, procesa ni almacena datos personales sin el consentimiento previo del sujeto. El consentimiento puede retirarse en cualquier momento.<br\/><br\/>Los interesados tienen derecho a solicitar a ND Labs que deje de tratar sus datos personales y\/o los elimine de la base de datos.<br\/><br\/>Los interesados tienen derecho a optar por no recibir comunicaciones de marketing de ND Labs. ND Labs proporcionar\u00e1 una forma f\u00e1cilmente accesible de excluirse cada vez que se realice una comunicaci\u00f3n de este tipo.<\/p>\n\n<h3 class=\"wp-block-heading\">Cambios en la Pol\u00edtica de Privacidad<\/h3>\n\n<p>ND Labs se reserva el derecho de cambiar, alterar o actualizar esta Pol\u00edtica de Privacidad en cualquier momento. Te animamos a que revises esta p\u00e1gina peri\u00f3dicamente para posibles actualizaciones.<\/p>\n\n<h3 class=\"wp-block-heading\">Informaci\u00f3n de contacto<\/h3>\n\n<p>ND Labs agradece tus comentarios y preguntas sobre esta declaraci\u00f3n. No dudes en ponerte en contacto con nosotros a trav\u00e9s de contact@ndlabs.dev.<\/p>\n\n<p><\/p>\n","protected":false},"excerpt":{"rendered":"<p>Qu\u00e9 entendemos por Datos Personales Los datos personales son cualquier informaci\u00f3n relativa a una persona viva identificada o identificable. Qu\u00e9 tipo de informaci\u00f3n recogemos Podemos recoger los siguientes tipos de datos personales: &#8211; Informaci\u00f3n de contacto: nombre, apellidos, direcci\u00f3n de correo electr\u00f3nico, n\u00famero de tel\u00e9fono;&#8211; Datos del dispositivo y del navegador: Direcci\u00f3n IP, versi\u00f3n del [&hellip;]<\/p>\n","protected":false},"author":1,"featured_media":0,"parent":0,"menu_order":0,"comment_status":"closed","ping_status":"open","template":"","meta":{"_acf_changed":false,"footnotes":""},"class_list":["post-45107","page","type-page","status-publish","hentry"],"acf":[],"yoast_head":"<!-- This site is optimized with the Yoast SEO plugin v27.2 - https:\/\/yoast.com\/product\/yoast-seo-wordpress\/ -->\n<title>Pol\u00edtica de privacidad - ND Labs<\/title>\n<meta name=\"description\" content=\"\u00bfQu\u00e9 pasa con la Pol\u00edtica de Privacidad de ND Labs? Comprueba la informaci\u00f3n que vamos a recopilar, inf\u00f3rmate sobre la pol\u00edtica de cookies, los derechos de protecci\u00f3n de datos seg\u00fan el GDPR y mucho m\u00e1s.\" \/>\n<meta name=\"robots\" content=\"index, follow, max-snippet:-1, max-image-preview:large, max-video-preview:-1\" \/>\n<link rel=\"canonical\" href=\"https:\/\/ndlabs.dev\/es\/politica-de-privacidad\" \/>\n<meta property=\"og:locale\" content=\"es_ES\" \/>\n<meta property=\"og:type\" content=\"article\" \/>\n<meta property=\"og:title\" content=\"Pol\u00edtica de privacidad - ND Labs\" \/>\n<meta property=\"og:description\" content=\"\u00bfQu\u00e9 pasa con la Pol\u00edtica de Privacidad de ND Labs? Comprueba la informaci\u00f3n que vamos a recopilar, inf\u00f3rmate sobre la pol\u00edtica de cookies, los derechos de protecci\u00f3n de datos seg\u00fan el GDPR y mucho m\u00e1s.\" \/>\n<meta property=\"og:url\" content=\"https:\/\/ndlabs.dev\/es\/politica-de-privacidad\" \/>\n<meta property=\"og:site_name\" content=\"ND Labs | Web3 Solutions Built at AI Speed\" \/>\n<meta property=\"article:modified_time\" content=\"2024-12-01T07:09:58+00:00\" \/>\n<meta name=\"twitter:card\" content=\"summary_large_image\" \/>\n<meta name=\"twitter:label1\" content=\"Tiempo de lectura\" \/>\n\t<meta name=\"twitter:data1\" content=\"3 minutos\" \/>\n<script type=\"application\/ld+json\" class=\"yoast-schema-graph\">{\"@context\":\"https:\/\/schema.org\",\"@graph\":[{\"@type\":\"WebPage\",\"@id\":\"https:\/\/ndlabs.dev\/es\/politica-de-privacidad\",\"url\":\"https:\/\/ndlabs.dev\/es\/politica-de-privacidad\",\"name\":\"Pol\u00edtica de privacidad - ND Labs\",\"isPartOf\":{\"@id\":\"https:\/\/ndlabs.dev\/es#website\"},\"datePublished\":\"2022-06-07T10:45:05+00:00\",\"dateModified\":\"2024-12-01T07:09:58+00:00\",\"description\":\"\u00bfQu\u00e9 pasa con la Pol\u00edtica de Privacidad de ND Labs? Comprueba la informaci\u00f3n que vamos a recopilar, inf\u00f3rmate sobre la pol\u00edtica de cookies, los derechos de protecci\u00f3n de datos seg\u00fan el GDPR y mucho m\u00e1s.\",\"breadcrumb\":{\"@id\":\"https:\/\/ndlabs.dev\/es\/politica-de-privacidad#breadcrumb\"},\"inLanguage\":\"es\",\"potentialAction\":[{\"@type\":\"ReadAction\",\"target\":[\"https:\/\/ndlabs.dev\/es\/politica-de-privacidad\"]}]},{\"@type\":\"BreadcrumbList\",\"@id\":\"https:\/\/ndlabs.dev\/es\/politica-de-privacidad#breadcrumb\",\"itemListElement\":[{\"@type\":\"ListItem\",\"position\":1,\"name\":\"Home\",\"item\":\"https:\/\/ndlabs.dev\/es\"},{\"@type\":\"ListItem\",\"position\":2,\"name\":\"Pol\u00edtica de privacidad\"}]},{\"@type\":\"WebSite\",\"@id\":\"https:\/\/ndlabs.dev\/es#website\",\"url\":\"https:\/\/ndlabs.dev\/es\",\"name\":\"ND Labs: Web3 Insights\",\"description\":\"White label services for Web3 businesses\",\"potentialAction\":[{\"@type\":\"SearchAction\",\"target\":{\"@type\":\"EntryPoint\",\"urlTemplate\":\"https:\/\/ndlabs.dev\/es?s={search_term_string}\"},\"query-input\":{\"@type\":\"PropertyValueSpecification\",\"valueRequired\":true,\"valueName\":\"search_term_string\"}}],\"inLanguage\":\"es\"}]}<\/script>\n<!-- \/ Yoast SEO plugin. -->","yoast_head_json":{"title":"Pol\u00edtica de privacidad - ND Labs","description":"\u00bfQu\u00e9 pasa con la Pol\u00edtica de Privacidad de ND Labs? Comprueba la informaci\u00f3n que vamos a recopilar, inf\u00f3rmate sobre la pol\u00edtica de cookies, los derechos de protecci\u00f3n de datos seg\u00fan el GDPR y mucho m\u00e1s.","robots":{"index":"index","follow":"follow","max-snippet":"max-snippet:-1","max-image-preview":"max-image-preview:large","max-video-preview":"max-video-preview:-1"},"canonical":"https:\/\/ndlabs.dev\/es\/politica-de-privacidad","og_locale":"es_ES","og_type":"article","og_title":"Pol\u00edtica de privacidad - ND Labs","og_description":"\u00bfQu\u00e9 pasa con la Pol\u00edtica de Privacidad de ND Labs? Comprueba la informaci\u00f3n que vamos a recopilar, inf\u00f3rmate sobre la pol\u00edtica de cookies, los derechos de protecci\u00f3n de datos seg\u00fan el GDPR y mucho m\u00e1s.","og_url":"https:\/\/ndlabs.dev\/es\/politica-de-privacidad","og_site_name":"ND Labs | Web3 Solutions Built at AI Speed","article_modified_time":"2024-12-01T07:09:58+00:00","twitter_card":"summary_large_image","twitter_misc":{"Tiempo de lectura":"3 minutos"},"schema":{"@context":"https:\/\/schema.org","@graph":[{"@type":"WebPage","@id":"https:\/\/ndlabs.dev\/es\/politica-de-privacidad","url":"https:\/\/ndlabs.dev\/es\/politica-de-privacidad","name":"Pol\u00edtica de privacidad - ND Labs","isPartOf":{"@id":"https:\/\/ndlabs.dev\/es#website"},"datePublished":"2022-06-07T10:45:05+00:00","dateModified":"2024-12-01T07:09:58+00:00","description":"\u00bfQu\u00e9 pasa con la Pol\u00edtica de Privacidad de ND Labs? Comprueba la informaci\u00f3n que vamos a recopilar, inf\u00f3rmate sobre la pol\u00edtica de cookies, los derechos de protecci\u00f3n de datos seg\u00fan el GDPR y mucho m\u00e1s.","breadcrumb":{"@id":"https:\/\/ndlabs.dev\/es\/politica-de-privacidad#breadcrumb"},"inLanguage":"es","potentialAction":[{"@type":"ReadAction","target":["https:\/\/ndlabs.dev\/es\/politica-de-privacidad"]}]},{"@type":"BreadcrumbList","@id":"https:\/\/ndlabs.dev\/es\/politica-de-privacidad#breadcrumb","itemListElement":[{"@type":"ListItem","position":1,"name":"Home","item":"https:\/\/ndlabs.dev\/es"},{"@type":"ListItem","position":2,"name":"Pol\u00edtica de privacidad"}]},{"@type":"WebSite","@id":"https:\/\/ndlabs.dev\/es#website","url":"https:\/\/ndlabs.dev\/es","name":"ND Labs: Web3 Insights","description":"White label services for Web3 businesses","potentialAction":[{"@type":"SearchAction","target":{"@type":"EntryPoint","urlTemplate":"https:\/\/ndlabs.dev\/es?s={search_term_string}"},"query-input":{"@type":"PropertyValueSpecification","valueRequired":true,"valueName":"search_term_string"}}],"inLanguage":"es"}]}},"_links":{"self":[{"href":"https:\/\/ndlabs.dev\/es\/wp-json\/wp\/v2\/pages\/45107","targetHints":{"allow":["GET"]}}],"collection":[{"href":"https:\/\/ndlabs.dev\/es\/wp-json\/wp\/v2\/pages"}],"about":[{"href":"https:\/\/ndlabs.dev\/es\/wp-json\/wp\/v2\/types\/page"}],"author":[{"embeddable":true,"href":"https:\/\/ndlabs.dev\/es\/wp-json\/wp\/v2\/users\/1"}],"replies":[{"embeddable":true,"href":"https:\/\/ndlabs.dev\/es\/wp-json\/wp\/v2\/comments?post=45107"}],"version-history":[{"count":0,"href":"https:\/\/ndlabs.dev\/es\/wp-json\/wp\/v2\/pages\/45107\/revisions"}],"wp:attachment":[{"href":"https:\/\/ndlabs.dev\/es\/wp-json\/wp\/v2\/media?parent=45107"}],"curies":[{"name":"wp","href":"https:\/\/api.w.org\/{rel}","templated":true}]}}